{"id":21437,"date":"2023-01-03T16:49:14","date_gmt":"2023-01-03T15:49:14","guid":{"rendered":"https:\/\/eving-oblikovanje.si\/about-me\/"},"modified":"2023-09-13T10:58:37","modified_gmt":"2023-09-13T08:58:37","slug":"about-me","status":"publish","type":"page","link":"https:\/\/eving-oblikovanje.si\/en\/about-me\/","title":{"rendered":"About me"},"content":{"rendered":"\t\t<div data-elementor-type=\"wp-page\" data-elementor-id=\"21437\" class=\"elementor elementor-21437 elementor-19410\">\n\t\t\t\t\t\t\t\t\t<section class=\"elementor-section elementor-top-section elementor-element elementor-element-488c43a elementor-section-boxed elementor-section-height-default elementor-section-height-default sc_fly_static\" data-id=\"488c43a\" data-element_type=\"section\">\n\t\t\t\t\t\t<div class=\"elementor-container elementor-column-gap-extended\">\n\t\t\t\t\t<div class=\"elementor-column elementor-col-100 elementor-top-column elementor-element elementor-element-f47e40a sc_inner_width_none sc_content_align_inherit sc_layouts_column_icons_position_left sc_fly_static\" data-id=\"f47e40a\" data-element_type=\"column\">\n\t\t\t<div class=\"elementor-widget-wrap elementor-element-populated\">\n\t\t\t\t\t\t\t\t<section class=\"elementor-section elementor-inner-section elementor-element elementor-element-786a62f elementor-section-boxed elementor-section-height-default elementor-section-height-default sc_fly_static\" data-id=\"786a62f\" data-element_type=\"section\">\n\t\t\t\t\t\t<div class=\"elementor-container elementor-column-gap-extended\">\n\t\t\t\t\t<div class=\"elementor-column elementor-col-50 elementor-inner-column elementor-element elementor-element-a456b20 sc_inner_width_none sc_content_align_inherit sc_layouts_column_icons_position_left sc_fly_static\" data-id=\"a456b20\" data-element_type=\"column\">\n\t\t\t<div class=\"elementor-widget-wrap elementor-element-populated\">\n\t\t\t\t\t\t\t\t<div class=\"elementor-element elementor-element-3fdfa41 sc_fly_static elementor-widget elementor-widget-heading\" data-id=\"3fdfa41\" data-element_type=\"widget\" data-widget_type=\"heading.default\">\n\t\t\t\t<div class=\"elementor-widget-container\">\n\t\t\t<h4 class=\"elementor-heading-title elementor-size-default\">Owner of Eving Design<\/h4>\t\t<\/div>\n\t\t\t\t<\/div>\n\t\t\t\t<div class=\"elementor-element elementor-element-ad3a0c0 sc_fly_static elementor-widget elementor-widget-heading\" data-id=\"ad3a0c0\" data-element_type=\"widget\" data-widget_type=\"heading.default\">\n\t\t\t\t<div class=\"elementor-widget-container\">\n\t\t\t<h1 class=\"elementor-heading-title elementor-size-default\">Eva Veber<\/h1>\t\t<\/div>\n\t\t\t\t<\/div>\n\t\t\t\t<div class=\"elementor-element elementor-element-83325a7 sc_fly_static elementor-widget elementor-widget-spacer\" data-id=\"83325a7\" data-element_type=\"widget\" data-widget_type=\"spacer.default\">\n\t\t\t\t<div class=\"elementor-widget-container\">\n\t\t\t\t\t<div class=\"elementor-spacer\">\n\t\t\t<div class=\"elementor-spacer-inner\"><\/div>\n\t\t<\/div>\n\t\t\t\t<\/div>\n\t\t\t\t<\/div>\n\t\t\t\t<div class=\"elementor-element elementor-element-2c6dcc8 sc_fly_static elementor-widget elementor-widget-image\" data-id=\"2c6dcc8\" data-element_type=\"widget\" data-widget_type=\"image.default\">\n\t\t\t\t<div class=\"elementor-widget-container\">\n\t\t\t\t\t\t\t\t\t\t\t\t\t\t\t<img loading=\"lazy\" decoding=\"async\" width=\"778\" height=\"1024\" src=\"https:\/\/eving-oblikovanje.si\/wp-content\/uploads\/2023\/08\/eva-veber-778x1024.jpg\" class=\"attachment-large size-large\" alt=\"eva veber\" srcset=\"https:\/\/eving-oblikovanje.si\/wp-content\/uploads\/2023\/08\/eva-veber-778x1024.jpg 778w, https:\/\/eving-oblikovanje.si\/wp-content\/uploads\/2023\/08\/eva-veber-228x300.jpg 228w, https:\/\/eving-oblikovanje.si\/wp-content\/uploads\/2023\/08\/eva-veber-768x1011.jpg 768w, https:\/\/eving-oblikovanje.si\/wp-content\/uploads\/2023\/08\/eva-veber-1167x1536.jpg 1167w, https:\/\/eving-oblikovanje.si\/wp-content\/uploads\/2023\/08\/eva-veber-370x487.jpg 370w, https:\/\/eving-oblikovanje.si\/wp-content\/uploads\/2023\/08\/eva-veber-840x1105.jpg 840w, https:\/\/eving-oblikovanje.si\/wp-content\/uploads\/2023\/08\/eva-veber-410x539.jpg 410w, https:\/\/eving-oblikovanje.si\/wp-content\/uploads\/2023\/08\/eva-veber.jpg 1216w\" sizes=\"auto, (max-width: 778px) 100vw, 778px\" \/>\t\t\t\t\t\t\t\t\t\t\t\t\t\t\t<\/div>\n\t\t\t\t<\/div>\n\t\t\t\t\t<\/div>\n\t\t<\/div>\n\t\t\t\t<div class=\"elementor-column elementor-col-50 elementor-inner-column elementor-element elementor-element-5291434 sc_inner_width_none sc_content_align_inherit sc_layouts_column_icons_position_left sc_fly_static\" data-id=\"5291434\" data-element_type=\"column\">\n\t\t\t<div class=\"elementor-widget-wrap elementor-element-populated\">\n\t\t\t\t\t\t\t\t<div class=\"elementor-element elementor-element-e7f04ca sc_fly_static elementor-widget elementor-widget-spacer\" data-id=\"e7f04ca\" data-element_type=\"widget\" data-widget_type=\"spacer.default\">\n\t\t\t\t<div class=\"elementor-widget-container\">\n\t\t\t\t\t<div class=\"elementor-spacer\">\n\t\t\t<div class=\"elementor-spacer-inner\"><\/div>\n\t\t<\/div>\n\t\t\t\t<\/div>\n\t\t\t\t<\/div>\n\t\t\t\t<div class=\"elementor-element elementor-element-f98ddfd e-transform sc_fly_static elementor-widget elementor-widget-text-editor\" data-id=\"f98ddfd\" data-element_type=\"widget\" data-settings=\"{&quot;_transform_translateX_effect&quot;:{&quot;unit&quot;:&quot;px&quot;,&quot;size&quot;:0,&quot;sizes&quot;:[]},&quot;_transform_translateY_effect&quot;:{&quot;unit&quot;:&quot;px&quot;,&quot;size&quot;:0,&quot;sizes&quot;:[]},&quot;_transform_translateX_effect_tablet&quot;:{&quot;unit&quot;:&quot;px&quot;,&quot;size&quot;:&quot;&quot;,&quot;sizes&quot;:[]},&quot;_transform_translateX_effect_mobile&quot;:{&quot;unit&quot;:&quot;px&quot;,&quot;size&quot;:&quot;&quot;,&quot;sizes&quot;:[]},&quot;_transform_translateY_effect_tablet&quot;:{&quot;unit&quot;:&quot;px&quot;,&quot;size&quot;:&quot;&quot;,&quot;sizes&quot;:[]},&quot;_transform_translateY_effect_mobile&quot;:{&quot;unit&quot;:&quot;px&quot;,&quot;size&quot;:&quot;&quot;,&quot;sizes&quot;:[]}}\" data-widget_type=\"text-editor.default\">\n\t\t\t\t<div class=\"elementor-widget-container\">\n\t\t\t\t\t\t\t<p>I&#8217;m a lover of <strong>psychology<\/strong> and the <strong>universe<\/strong>. I explore the boundaries of the unexplainable, but with equal enthusiasm, I follow the latest scientific discoveries. <strong>Biohacking and science<\/strong> are not just my hobbies; they&#8217;re my way of becoming the best version of myself.<\/p><p><strong>Music<\/strong> is how I speak, <strong>photography<\/strong> is how I see, and <strong>video<\/strong> is how I share my heart. The <strong>meaning of life<\/strong> for me is love in all its forms and time spent with the people closest to me.<\/p><p>My <strong>life philosophy<\/strong> is that every day brings new opportunities; failures and mistakes are merely teachers in this game called Life. My <strong>life goals?<\/strong> To grow, to help, and to make the world a little bit better.<\/p><p>My <strong>go-to&#8217;s for recharging<\/strong> are meditation and soaking up nature.<\/p><p>I believe in <strong>mutual respect and compassion<\/strong> among people. Greater value than material goods for me is represented by <strong>time and experiences<\/strong>.<\/p><p>My mind is dominated by <strong>emocio and racio<\/strong>. I appreciate those who know how to value and respect others, and I admire all who unwaveringly follow their dreams and goals.<\/p><p>My symbol is the <strong>yin-yang<\/strong>, which reveals the balance and dynamics of the universe.<\/p>\t\t\t\t\t\t<\/div>\n\t\t\t\t<\/div>\n\t\t\t\t\t<\/div>\n\t\t<\/div>\n\t\t\t\t\t\t\t<\/div>\n\t\t<\/section>\n\t\t\t\t\t<\/div>\n\t\t<\/div>\n\t\t\t\t\t\t\t<\/div>\n\t\t<\/section>\n\t\t\t\t<section class=\"elementor-section elementor-top-section elementor-element elementor-element-a991b48 elementor-section-boxed elementor-section-height-default elementor-section-height-default sc_fly_static\" data-id=\"a991b48\" data-element_type=\"section\">\n\t\t\t\t\t\t<div class=\"elementor-container elementor-column-gap-extended\">\n\t\t\t\t\t<div class=\"elementor-column elementor-col-100 elementor-top-column elementor-element elementor-element-f59b058 sc_inner_width_none sc_content_align_inherit sc_layouts_column_icons_position_left sc_fly_static\" data-id=\"f59b058\" data-element_type=\"column\">\n\t\t\t<div class=\"elementor-widget-wrap elementor-element-populated\">\n\t\t\t\t\t\t\t\t<div class=\"elementor-element elementor-element-8cf5594 sc_fly_static elementor-widget elementor-widget-heading\" data-id=\"8cf5594\" data-element_type=\"widget\" data-widget_type=\"heading.default\">\n\t\t\t\t<div class=\"elementor-widget-container\">\n\t\t\t<h2 class=\"elementor-heading-title elementor-size-default\">Biography<\/h2>\t\t<\/div>\n\t\t\t\t<\/div>\n\t\t\t\t<div class=\"elementor-element elementor-element-08fb920 sc_fly_static elementor-widget elementor-widget-text-editor\" data-id=\"08fb920\" data-element_type=\"widget\" data-widget_type=\"text-editor.default\">\n\t\t\t\t<div class=\"elementor-widget-container\">\n\t\t\t\t\t\t\t<p>I was born in the quaint town of <strong>Trebnje, Slovenia,<\/strong> which is also the current home base for my company, <strong>Eving<\/strong>. My educational journey began in Trebnje and led me to Ivan\u010dna Gorica, where I attended Josip Jur\u010di\u010d Economics High School. There, I earned <strong>high school Diploma in Business and Economics Studies<\/strong>, setting the stage for my future endeavors.<\/p><p>Eager to expand my horizons, I continued my studies at <strong>IAM in Ljubljana<\/strong>, specializing in <strong>web development<\/strong>, and earned the title of <strong>Media Production Engineer.<\/strong><\/p><p>In 2014, I took the leap and founded <strong>Eving<\/strong>, turning my passion and expertise into a thriving business.<\/p>\t\t\t\t\t\t<\/div>\n\t\t\t\t<\/div>\n\t\t\t\t\t<\/div>\n\t\t<\/div>\n\t\t\t\t\t\t\t<\/div>\n\t\t<\/section>\n\t\t\t\t\t\t\t<\/div>\n\t\t","protected":false},"excerpt":{"rendered":"<p>Owner of Eving Design Eva Veber I&#8217;m a lover of psychology and the universe. I explore the boundaries of the unexplainable, but with equal enthusiasm, I follow the latest scientific&hellip;<\/p>\n","protected":false},"author":1,"featured_media":20913,"parent":0,"menu_order":0,"comment_status":"closed","ping_status":"closed","template":"","meta":{"_monsterinsights_skip_tracking":false,"_monsterinsights_sitenote_active":false,"_monsterinsights_sitenote_note":"","_monsterinsights_sitenote_category":0,"footnotes":""},"class_list":["post-21437","page","type-page","status-publish","has-post-thumbnail","hentry"],"yoast_head":"<!-- This site is optimized with the Yoast SEO plugin v23.2 - https:\/\/yoast.com\/wordpress\/plugins\/seo\/ -->\n<title>Eva Veber - owner of Eving Design<\/title>\n<meta name=\"description\" content=\"Eva Veber - media production engineer Graphic designer, photographer, videographer, website developer.\" \/>\n<meta name=\"robots\" content=\"index, follow, max-snippet:-1, max-image-preview:large, max-video-preview:-1\" \/>\n<link rel=\"canonical\" href=\"https:\/\/eving-oblikovanje.si\/en\/about-me\/\" \/>\n<meta property=\"og:locale\" content=\"en_US\" \/>\n<meta property=\"og:type\" content=\"article\" \/>\n<meta property=\"og:title\" content=\"Eva Veber - owner of Eving Design\" \/>\n<meta property=\"og:description\" content=\"Eva Veber - media production engineer Graphic designer, photographer, videographer, website developer.\" \/>\n<meta property=\"og:url\" content=\"https:\/\/eving-oblikovanje.si\/en\/about-me\/\" \/>\n<meta property=\"og:site_name\" content=\"Eving\" \/>\n<meta property=\"article:publisher\" content=\"https:\/\/www.facebook.com\/eving.eva.veber\" \/>\n<meta property=\"article:modified_time\" content=\"2023-09-13T08:58:37+00:00\" \/>\n<meta property=\"og:image\" content=\"https:\/\/eving-oblikovanje.si\/wp-content\/uploads\/2020\/04\/eva-veber-1.jpg\" \/>\n\t<meta property=\"og:image:width\" content=\"1200\" \/>\n\t<meta property=\"og:image:height\" content=\"1463\" \/>\n\t<meta property=\"og:image:type\" content=\"image\/jpeg\" \/>\n<meta name=\"twitter:card\" content=\"summary_large_image\" \/>\n<meta name=\"twitter:label1\" content=\"Est. reading time\" \/>\n\t<meta name=\"twitter:data1\" content=\"2 minutes\" \/>\n<script type=\"application\/ld+json\" class=\"yoast-schema-graph\">{\"@context\":\"https:\/\/schema.org\",\"@graph\":[{\"@type\":\"WebPage\",\"@id\":\"https:\/\/eving-oblikovanje.si\/en\/about-me\/\",\"url\":\"https:\/\/eving-oblikovanje.si\/en\/about-me\/\",\"name\":\"Eva Veber - owner of Eving Design\",\"isPartOf\":{\"@id\":\"https:\/\/eving-oblikovanje.si\/en\/#website\"},\"primaryImageOfPage\":{\"@id\":\"https:\/\/eving-oblikovanje.si\/en\/about-me\/#primaryimage\"},\"image\":{\"@id\":\"https:\/\/eving-oblikovanje.si\/en\/about-me\/#primaryimage\"},\"thumbnailUrl\":\"https:\/\/eving-oblikovanje.si\/wp-content\/uploads\/2020\/04\/eva-veber-1.jpg\",\"datePublished\":\"2023-01-03T15:49:14+00:00\",\"dateModified\":\"2023-09-13T08:58:37+00:00\",\"description\":\"Eva Veber - media production engineer Graphic designer, photographer, videographer, website developer.\",\"breadcrumb\":{\"@id\":\"https:\/\/eving-oblikovanje.si\/en\/about-me\/#breadcrumb\"},\"inLanguage\":\"en-US\",\"potentialAction\":[{\"@type\":\"ReadAction\",\"target\":[\"https:\/\/eving-oblikovanje.si\/en\/about-me\/\"]}]},{\"@type\":\"ImageObject\",\"inLanguage\":\"en-US\",\"@id\":\"https:\/\/eving-oblikovanje.si\/en\/about-me\/#primaryimage\",\"url\":\"https:\/\/eving-oblikovanje.si\/wp-content\/uploads\/2020\/04\/eva-veber-1.jpg\",\"contentUrl\":\"https:\/\/eving-oblikovanje.si\/wp-content\/uploads\/2020\/04\/eva-veber-1.jpg\",\"width\":1200,\"height\":1463},{\"@type\":\"BreadcrumbList\",\"@id\":\"https:\/\/eving-oblikovanje.si\/en\/about-me\/#breadcrumb\",\"itemListElement\":[{\"@type\":\"ListItem\",\"position\":1,\"name\":\"Home\",\"item\":\"https:\/\/eving-oblikovanje.si\/en\/\"},{\"@type\":\"ListItem\",\"position\":2,\"name\":\"About me\"}]},{\"@type\":\"WebSite\",\"@id\":\"https:\/\/eving-oblikovanje.si\/en\/#website\",\"url\":\"https:\/\/eving-oblikovanje.si\/en\/\",\"name\":\"Eving\",\"description\":\"Grafi\u010dno oblikovanje &amp; spletne strani\",\"publisher\":{\"@id\":\"https:\/\/eving-oblikovanje.si\/en\/#organization\"},\"alternateName\":\"Eving Design, Eva Veber\",\"potentialAction\":[{\"@type\":\"SearchAction\",\"target\":{\"@type\":\"EntryPoint\",\"urlTemplate\":\"https:\/\/eving-oblikovanje.si\/en\/?s={search_term_string}\"},\"query-input\":\"required name=search_term_string\"}],\"inLanguage\":\"en-US\"},{\"@type\":\"Organization\",\"@id\":\"https:\/\/eving-oblikovanje.si\/en\/#organization\",\"name\":\"Eving, Eva Veber s.p.\",\"url\":\"https:\/\/eving-oblikovanje.si\/en\/\",\"logo\":{\"@type\":\"ImageObject\",\"inLanguage\":\"en-US\",\"@id\":\"https:\/\/eving-oblikovanje.si\/en\/#\/schema\/logo\/image\/\",\"url\":\"https:\/\/eving-oblikovanje.si\/wp-content\/uploads\/2020\/06\/eving-logo-web-02.png\",\"contentUrl\":\"https:\/\/eving-oblikovanje.si\/wp-content\/uploads\/2020\/06\/eving-logo-web-02.png\",\"width\":1400,\"height\":313,\"caption\":\"Eving, Eva Veber s.p.\"},\"image\":{\"@id\":\"https:\/\/eving-oblikovanje.si\/en\/#\/schema\/logo\/image\/\"},\"sameAs\":[\"https:\/\/www.facebook.com\/eving.eva.veber\",\"https:\/\/www.instagram.com\/eving.design\/\"]}]}<\/script>\n<!-- \/ Yoast SEO plugin. -->","yoast_head_json":{"title":"Eva Veber - owner of Eving Design","description":"Eva Veber - media production engineer Graphic designer, photographer, videographer, website developer.","robots":{"index":"index","follow":"follow","max-snippet":"max-snippet:-1","max-image-preview":"max-image-preview:large","max-video-preview":"max-video-preview:-1"},"canonical":"https:\/\/eving-oblikovanje.si\/en\/about-me\/","og_locale":"en_US","og_type":"article","og_title":"Eva Veber - owner of Eving Design","og_description":"Eva Veber - media production engineer Graphic designer, photographer, videographer, website developer.","og_url":"https:\/\/eving-oblikovanje.si\/en\/about-me\/","og_site_name":"Eving","article_publisher":"https:\/\/www.facebook.com\/eving.eva.veber","article_modified_time":"2023-09-13T08:58:37+00:00","og_image":[{"width":1200,"height":1463,"url":"https:\/\/eving-oblikovanje.si\/wp-content\/uploads\/2020\/04\/eva-veber-1.jpg","type":"image\/jpeg"}],"twitter_card":"summary_large_image","twitter_misc":{"Est. reading time":"2 minutes"},"schema":{"@context":"https:\/\/schema.org","@graph":[{"@type":"WebPage","@id":"https:\/\/eving-oblikovanje.si\/en\/about-me\/","url":"https:\/\/eving-oblikovanje.si\/en\/about-me\/","name":"Eva Veber - owner of Eving Design","isPartOf":{"@id":"https:\/\/eving-oblikovanje.si\/en\/#website"},"primaryImageOfPage":{"@id":"https:\/\/eving-oblikovanje.si\/en\/about-me\/#primaryimage"},"image":{"@id":"https:\/\/eving-oblikovanje.si\/en\/about-me\/#primaryimage"},"thumbnailUrl":"https:\/\/eving-oblikovanje.si\/wp-content\/uploads\/2020\/04\/eva-veber-1.jpg","datePublished":"2023-01-03T15:49:14+00:00","dateModified":"2023-09-13T08:58:37+00:00","description":"Eva Veber - media production engineer Graphic designer, photographer, videographer, website developer.","breadcrumb":{"@id":"https:\/\/eving-oblikovanje.si\/en\/about-me\/#breadcrumb"},"inLanguage":"en-US","potentialAction":[{"@type":"ReadAction","target":["https:\/\/eving-oblikovanje.si\/en\/about-me\/"]}]},{"@type":"ImageObject","inLanguage":"en-US","@id":"https:\/\/eving-oblikovanje.si\/en\/about-me\/#primaryimage","url":"https:\/\/eving-oblikovanje.si\/wp-content\/uploads\/2020\/04\/eva-veber-1.jpg","contentUrl":"https:\/\/eving-oblikovanje.si\/wp-content\/uploads\/2020\/04\/eva-veber-1.jpg","width":1200,"height":1463},{"@type":"BreadcrumbList","@id":"https:\/\/eving-oblikovanje.si\/en\/about-me\/#breadcrumb","itemListElement":[{"@type":"ListItem","position":1,"name":"Home","item":"https:\/\/eving-oblikovanje.si\/en\/"},{"@type":"ListItem","position":2,"name":"About me"}]},{"@type":"WebSite","@id":"https:\/\/eving-oblikovanje.si\/en\/#website","url":"https:\/\/eving-oblikovanje.si\/en\/","name":"Eving","description":"Grafi\u010dno oblikovanje &amp; spletne strani","publisher":{"@id":"https:\/\/eving-oblikovanje.si\/en\/#organization"},"alternateName":"Eving Design, Eva Veber","potentialAction":[{"@type":"SearchAction","target":{"@type":"EntryPoint","urlTemplate":"https:\/\/eving-oblikovanje.si\/en\/?s={search_term_string}"},"query-input":"required name=search_term_string"}],"inLanguage":"en-US"},{"@type":"Organization","@id":"https:\/\/eving-oblikovanje.si\/en\/#organization","name":"Eving, Eva Veber s.p.","url":"https:\/\/eving-oblikovanje.si\/en\/","logo":{"@type":"ImageObject","inLanguage":"en-US","@id":"https:\/\/eving-oblikovanje.si\/en\/#\/schema\/logo\/image\/","url":"https:\/\/eving-oblikovanje.si\/wp-content\/uploads\/2020\/06\/eving-logo-web-02.png","contentUrl":"https:\/\/eving-oblikovanje.si\/wp-content\/uploads\/2020\/06\/eving-logo-web-02.png","width":1400,"height":313,"caption":"Eving, Eva Veber s.p."},"image":{"@id":"https:\/\/eving-oblikovanje.si\/en\/#\/schema\/logo\/image\/"},"sameAs":["https:\/\/www.facebook.com\/eving.eva.veber","https:\/\/www.instagram.com\/eving.design\/"]}]}},"_links":{"self":[{"href":"https:\/\/eving-oblikovanje.si\/en\/wp-json\/wp\/v2\/pages\/21437","targetHints":{"allow":["GET"]}}],"collection":[{"href":"https:\/\/eving-oblikovanje.si\/en\/wp-json\/wp\/v2\/pages"}],"about":[{"href":"https:\/\/eving-oblikovanje.si\/en\/wp-json\/wp\/v2\/types\/page"}],"author":[{"embeddable":true,"href":"https:\/\/eving-oblikovanje.si\/en\/wp-json\/wp\/v2\/users\/1"}],"replies":[{"embeddable":true,"href":"https:\/\/eving-oblikovanje.si\/en\/wp-json\/wp\/v2\/comments?post=21437"}],"version-history":[{"count":12,"href":"https:\/\/eving-oblikovanje.si\/en\/wp-json\/wp\/v2\/pages\/21437\/revisions"}],"predecessor-version":[{"id":21823,"href":"https:\/\/eving-oblikovanje.si\/en\/wp-json\/wp\/v2\/pages\/21437\/revisions\/21823"}],"wp:featuredmedia":[{"embeddable":true,"href":"https:\/\/eving-oblikovanje.si\/en\/wp-json\/wp\/v2\/media\/20913"}],"wp:attachment":[{"href":"https:\/\/eving-oblikovanje.si\/en\/wp-json\/wp\/v2\/media?parent=21437"}],"curies":[{"name":"wp","href":"https:\/\/api.w.org\/{rel}","templated":true}]}}